{"id":832,"date":"2021-03-05T20:10:28","date_gmt":"2021-03-05T23:10:28","guid":{"rendered":"https:\/\/sebastiaogomesneto.adv.br\/?page_id=832"},"modified":"2023-02-23T18:20:35","modified_gmt":"2023-02-23T21:20:35","slug":"sobre-nos","status":"publish","type":"page","link":"https:\/\/sebastiaogomesneto.adv.br\/?page_id=832","title":{"rendered":"Sobre N\u00f3s"},"content":{"rendered":"\t\t<div data-elementor-type=\"wp-page\" data-elementor-id=\"832\" class=\"elementor elementor-832\">\n\t\t\t\t\t\t<section class=\"elementor-section elementor-top-section elementor-element elementor-element-c79a29d elementor-section-content-middle elementor-section-boxed elementor-section-height-default elementor-section-height-default\" data-id=\"c79a29d\" data-element_type=\"section\" data-e-type=\"section\">\n\t\t\t\t\t\t\t<div class=\"elementor-background-overlay\"><\/div>\n\t\t\t\t\t\t\t<div class=\"elementor-container elementor-column-gap-no\">\n\t\t\t\t\t<div class=\"elementor-column elementor-col-100 elementor-top-column elementor-element elementor-element-cd23aed\" data-id=\"cd23aed\" data-element_type=\"column\" data-e-type=\"column\">\n\t\t\t<div class=\"elementor-widget-wrap elementor-element-populated\">\n\t\t\t\t<div class=\"elementor-element elementor-element-f0ab7c2 e-con-full e-flex e-con e-parent\" data-id=\"f0ab7c2\" data-element_type=\"container\" data-e-type=\"container\" data-settings=\"{&quot;background_background&quot;:&quot;classic&quot;}\">\n\t\t<div class=\"elementor-element elementor-element-a70c3f4 e-flex e-con-boxed e-con e-child\" data-id=\"a70c3f4\" data-element_type=\"container\" data-e-type=\"container\" data-settings=\"{&quot;background_background&quot;:&quot;classic&quot;}\">\n\t\t\t\t\t<div class=\"e-con-inner\">\n\t\t\t\t<div class=\"elementor-element elementor-element-54de0c0 elementor-widget-divider--view-line elementor-widget elementor-widget-divider\" data-id=\"54de0c0\" data-element_type=\"widget\" data-e-type=\"widget\" data-widget_type=\"divider.default\">\n\t\t\t\t<div class=\"elementor-widget-container\">\n\t\t\t\t\t\t\t<div class=\"elementor-divider\">\n\t\t\t<span class=\"elementor-divider-separator\">\n\t\t\t\t\t\t<\/span>\n\t\t<\/div>\n\t\t\t\t\t\t<\/div>\n\t\t\t\t<\/div>\n\t\t\t\t<div class=\"elementor-element elementor-element-173b1bc elementor-widget elementor-widget-heading\" data-id=\"173b1bc\" data-element_type=\"widget\" data-e-type=\"widget\" data-widget_type=\"heading.default\">\n\t\t\t\t<div class=\"elementor-widget-container\">\n\t\t\t\t\t<h2 class=\"elementor-heading-title elementor-size-default\">Sobre N\u00f3s<\/h2>\t\t\t\t<\/div>\n\t\t\t\t<\/div>\n\t\t\t\t<div class=\"elementor-element elementor-element-4c7acd2 elementor-widget elementor-widget-text-editor\" data-id=\"4c7acd2\" data-element_type=\"widget\" data-e-type=\"widget\" data-widget_type=\"text-editor.default\">\n\t\t\t\t<div class=\"elementor-widget-container\">\n\t\t\t\t\t\t\t\t\t<p><span style=\"font-weight: 400;\">Sebasti\u00e3o Gomes Neto Advocacia Trabalhista Especializada \u00e9 um escrit\u00f3rio que oferece solu\u00e7\u00f5es criativas e eficazes para todas as quest\u00f5es relacionadas ao Direito Trabalhista. <\/span><span style=\"font-weight: 400;\">Conta com\u00a0 uma equipe de profissionais que oferecem o melhor servi\u00e7o jur\u00eddico para todos os clientes.<\/span><\/p><p><span style=\"font-weight: 400;\">A principal miss\u00e3o do escrit\u00f3rio \u00e9 manter clientes satisfeitos e oferecer respostas r\u00e1pidas e abrangentes \u00e0s suas necessidades.<\/span><\/p><p><span style=\"font-weight: 400;\">O objetivo \u00e9 garantir que todos os clientes\u00a0 do escrit\u00f3rio obtenham o resultado desejado, atrav\u00e9s de um servi\u00e7o de excel\u00eancia.<\/span><\/p>\t\t\t\t\t\t\t\t<\/div>\n\t\t\t\t<\/div>\n\t\t\t\t<div class=\"elementor-element elementor-element-c6e151e elementor-widget elementor-widget-button\" data-id=\"c6e151e\" data-element_type=\"widget\" data-e-type=\"widget\" data-widget_type=\"button.default\">\n\t\t\t\t<div class=\"elementor-widget-container\">\n\t\t\t\t\t\t\t\t\t<div class=\"elementor-button-wrapper\">\n\t\t\t\t\t<a class=\"elementor-button elementor-button-link elementor-size-sm elementor-animation-grow\" href=\"https:\/\/wa.me\/5564992225531\" target=\"_blank\">\n\t\t\t\t\t\t<span class=\"elementor-button-content-wrapper\">\n\t\t\t\t\t\t<span class=\"elementor-button-icon\">\n\t\t\t\t<svg aria-hidden=\"true\" class=\"e-font-icon-svg e-fab-whatsapp\" viewBox=\"0 0 448 512\" xmlns=\"http:\/\/www.w3.org\/2000\/svg\"><path d=\"M380.9 97.1C339 55.1 283.2 32 223.9 32c-122.4 0-222 99.6-222 222 0 39.1 10.2 77.3 29.6 111L0 480l117.7-30.9c32.4 17.7 68.9 27 106.1 27h.1c122.3 0 224.1-99.6 224.1-222 0-59.3-25.2-115-67.1-157zm-157 341.6c-33.2 0-65.7-8.9-94-25.7l-6.7-4-69.8 18.3L72 359.2l-4.4-7c-18.5-29.4-28.2-63.3-28.2-98.2 0-101.7 82.8-184.5 184.6-184.5 49.3 0 95.6 19.2 130.4 54.1 34.8 34.9 56.2 81.2 56.1 130.5 0 101.8-84.9 184.6-186.6 184.6zm101.2-138.2c-5.5-2.8-32.8-16.2-37.9-18-5.1-1.9-8.8-2.8-12.5 2.8-3.7 5.6-14.3 18-17.6 21.8-3.2 3.7-6.5 4.2-12 1.4-32.6-16.3-54-29.1-75.5-66-5.7-9.8 5.7-9.1 16.3-30.3 1.8-3.7.9-6.9-.5-9.7-1.4-2.8-12.5-30.1-17.1-41.2-4.5-10.8-9.1-9.3-12.5-9.5-3.2-.2-6.9-.2-10.6-.2-3.7 0-9.7 1.4-14.8 6.9-5.1 5.6-19.4 19-19.4 46.3 0 27.3 19.9 53.7 22.6 57.4 2.8 3.7 39.1 59.7 94.8 83.8 35.2 15.2 49 16.5 66.6 13.9 10.7-1.6 32.8-13.4 37.4-26.4 4.6-13 4.6-24.1 3.2-26.4-1.3-2.5-5-3.9-10.5-6.6z\"><\/path><\/svg>\t\t\t<\/span>\n\t\t\t\t\t\t\t\t\t<span class=\"elementor-button-text\">Conte-nos a sua necessidade<\/span>\n\t\t\t\t\t<\/span>\n\t\t\t\t\t<\/a>\n\t\t\t\t<\/div>\n\t\t\t\t\t\t\t\t<\/div>\n\t\t\t\t<\/div>\n\t\t\t\t\t<\/div>\n\t\t\t\t<\/div>\n\t\t<div class=\"elementor-element elementor-element-c64e629 e-flex e-con-boxed e-con e-child\" data-id=\"c64e629\" data-element_type=\"container\" data-e-type=\"container\">\n\t\t\t\t\t<div class=\"e-con-inner\">\n\t\t\t\t<div class=\"elementor-element elementor-element-18ae663 elementor-widget elementor-widget-image\" data-id=\"18ae663\" data-element_type=\"widget\" data-e-type=\"widget\" data-widget_type=\"image.default\">\n\t\t\t\t<div class=\"elementor-widget-container\">\n\t\t\t\t\t\t\t\t\t\t\t\t\t\t\t<img fetchpriority=\"high\" decoding=\"async\" width=\"2560\" height=\"1707\" src=\"https:\/\/sebastiaogomesneto.adv.br\/wp-content\/uploads\/2023\/02\/Equipe-scaled.jpg\" class=\"attachment-full size-full wp-image-1826\" alt=\"\" srcset=\"https:\/\/sebastiaogomesneto.adv.br\/wp-content\/uploads\/2023\/02\/Equipe-scaled.jpg 2560w, https:\/\/sebastiaogomesneto.adv.br\/wp-content\/uploads\/2023\/02\/Equipe-300x200.jpg 300w, https:\/\/sebastiaogomesneto.adv.br\/wp-content\/uploads\/2023\/02\/Equipe-1024x683.jpg 1024w, https:\/\/sebastiaogomesneto.adv.br\/wp-content\/uploads\/2023\/02\/Equipe-768x512.jpg 768w, https:\/\/sebastiaogomesneto.adv.br\/wp-content\/uploads\/2023\/02\/Equipe-1536x1024.jpg 1536w, https:\/\/sebastiaogomesneto.adv.br\/wp-content\/uploads\/2023\/02\/Equipe-2048x1365.jpg 2048w\" sizes=\"(max-width: 2560px) 100vw, 2560px\" \/>\t\t\t\t\t\t\t\t\t\t\t\t\t\t\t<\/div>\n\t\t\t\t<\/div>\n\t\t\t\t\t<\/div>\n\t\t\t\t<\/div>\n\t\t\t\t<\/div>\n\t\t\t\t\t<\/div>\n\t\t<\/div>\n\t\t\t\t\t<\/div>\n\t\t<\/section>\n\t\t<div class=\"elementor-element elementor-element-fae643c e-flex e-con-boxed e-con e-parent\" data-id=\"fae643c\" data-element_type=\"container\" data-e-type=\"container\" data-settings=\"{&quot;background_background&quot;:&quot;gradient&quot;}\">\n\t\t\t\t\t<div class=\"e-con-inner\">\n\t\t<div class=\"elementor-element elementor-element-23fa32a e-con-full e-flex e-con e-child\" data-id=\"23fa32a\" data-element_type=\"container\" data-e-type=\"container\" data-settings=\"{&quot;background_background&quot;:&quot;classic&quot;}\">\n\t\t<div class=\"elementor-element elementor-element-7535c95 e-con-full e-flex e-con e-child\" data-id=\"7535c95\" data-element_type=\"container\" data-e-type=\"container\" data-settings=\"{&quot;background_background&quot;:&quot;classic&quot;}\">\n\t\t<div class=\"elementor-element elementor-element-f7352b4 e-con-full e-flex e-con e-child\" data-id=\"f7352b4\" data-element_type=\"container\" data-e-type=\"container\" data-settings=\"{&quot;background_background&quot;:&quot;classic&quot;}\">\n\t\t\t\t<div class=\"elementor-element elementor-element-dc0720b animated-slow elementor-vertical-align-top elementor-invisible elementor-widget elementor-widget-image-box\" data-id=\"dc0720b\" data-element_type=\"widget\" data-e-type=\"widget\" data-settings=\"{&quot;_animation&quot;:&quot;slideInDown&quot;}\" data-widget_type=\"image-box.default\">\n\t\t\t\t<div class=\"elementor-widget-container\">\n\t\t\t\t\t<div class=\"elementor-image-box-wrapper\"><div class=\"elementor-image-box-content\"><h3 class=\"elementor-image-box-title\">Miss\u00e3o<\/h3><p class=\"elementor-image-box-description\">\"Nossa miss\u00e3o \u00e9 proporcionar uma defesa jur\u00eddica de qualidade e inovadora para trabalhadores e empregadores, buscando sempre a justi\u00e7a e a equidade em todos os casos.\"<\/p><\/div><\/div>\t\t\t\t<\/div>\n\t\t\t\t<\/div>\n\t\t\t\t<\/div>\n\t\t<div class=\"elementor-element elementor-element-19f0166 e-con-full e-flex e-con e-child\" data-id=\"19f0166\" data-element_type=\"container\" data-e-type=\"container\">\n\t\t\t\t<div class=\"elementor-element elementor-element-ed03545 animated-slow elementor-vertical-align-top elementor-invisible elementor-widget elementor-widget-image-box\" data-id=\"ed03545\" data-element_type=\"widget\" data-e-type=\"widget\" data-settings=\"{&quot;_animation&quot;:&quot;slideInDown&quot;}\" data-widget_type=\"image-box.default\">\n\t\t\t\t<div class=\"elementor-widget-container\">\n\t\t\t\t\t<div class=\"elementor-image-box-wrapper\"><div class=\"elementor-image-box-content\"><h3 class=\"elementor-image-box-title\">Vis\u00e3o<\/h3><p class=\"elementor-image-box-description\">\"Nossa vis\u00e3o \u00e9 sermos reconhecidos como l\u00edderes no ramo do direito trabalhista, oferecendo solu\u00e7\u00f5es criativas e eficazes para nossos clientes e contribuindo para a constru\u00e7\u00e3o de um ambiente de trabalho mais justo e equitativo.\"<\/p><\/div><\/div>\t\t\t\t<\/div>\n\t\t\t\t<\/div>\n\t\t\t\t<\/div>\n\t\t<div class=\"elementor-element elementor-element-7c48871 e-con-full e-flex e-con e-child\" data-id=\"7c48871\" data-element_type=\"container\" data-e-type=\"container\">\n\t\t\t\t<div class=\"elementor-element elementor-element-dc518a9 animated-slow elementor-vertical-align-top elementor-invisible elementor-widget elementor-widget-image-box\" data-id=\"dc518a9\" data-element_type=\"widget\" data-e-type=\"widget\" data-settings=\"{&quot;_animation&quot;:&quot;slideInDown&quot;}\" data-widget_type=\"image-box.default\">\n\t\t\t\t<div class=\"elementor-widget-container\">\n\t\t\t\t\t<div class=\"elementor-image-box-wrapper\"><div class=\"elementor-image-box-content\"><h3 class=\"elementor-image-box-title\">Valores<\/h3><p class=\"elementor-image-box-description\"><b>Empatia:<\/b> sempre buscamos entender as necessidades e perspectivas de nossos clientes para proporcionar uma defesa personalizada.\n<br \/>\n<b>Inova\u00e7\u00e3o:<\/b> estamos sempre em busca de novas ideias e abordagens para manter-nos atualizados e oferecer as melhores solu\u00e7\u00f5es.\n<br \/>\n<b>Trabalho em equipe:<\/b> acreditamos que a colabora\u00e7\u00e3o e o trabalho em equipe s\u00e3o fundamentais para o sucesso.\n<br \/>\n<b>Paix\u00e3o:<\/b> amamos o que fazemos e estamos comprometidos em ajudar nossos clientes a alcan\u00e7arem a justi\u00e7a e a equidade.\n<\/p><\/div><\/div>\t\t\t\t<\/div>\n\t\t\t\t<\/div>\n\t\t\t\t<\/div>\n\t\t\t\t<\/div>\n\t\t\t\t<\/div>\n\t\t\t\t\t<\/div>\n\t\t\t\t<\/div>\n\t\t\t\t<\/div>\n\t\t","protected":false},"excerpt":{"rendered":"<p>Sobre N\u00f3s Sebasti\u00e3o Gomes Neto Advocacia Trabalhista Especializada \u00e9 um escrit\u00f3rio que oferece solu\u00e7\u00f5es criativas e eficazes para todas as quest\u00f5es relacionadas ao Direito Trabalhista. Conta com\u00a0 uma equipe de profissionais que oferecem o melhor servi\u00e7o jur\u00eddico para todos os clientes. A principal miss\u00e3o do escrit\u00f3rio \u00e9 manter clientes satisfeitos e oferecer respostas r\u00e1pidas e &hellip;<\/p>\n<p class=\"read-more\"> <a class=\"\" href=\"https:\/\/sebastiaogomesneto.adv.br\/?page_id=832\"> <span class=\"screen-reader-text\">Sobre N\u00f3s<\/span> Leia mais &raquo;<\/a><\/p>\n","protected":false},"author":1,"featured_media":0,"parent":0,"menu_order":0,"comment_status":"closed","ping_status":"closed","template":"","meta":{"site-sidebar-layout":"default","site-content-layout":"page-builder","ast-global-header-display":"","ast-banner-title-visibility":"","ast-main-header-display":"","ast-hfb-above-header-display":"","ast-hfb-below-header-display":"","ast-hfb-mobile-header-display":"","site-post-title":"disabled","ast-breadcrumbs-content":"disabled","ast-featured-img":"disabled","footer-sml-layout":"","theme-transparent-header-meta":"enabled","adv-header-id-meta":"","stick-header-meta":"","header-above-stick-meta":"","header-main-stick-meta":"","header-below-stick-meta":"","footnotes":""},"class_list":["post-832","page","type-page","status-publish","hentry"],"_links":{"self":[{"href":"https:\/\/sebastiaogomesneto.adv.br\/index.php?rest_route=\/wp\/v2\/pages\/832","targetHints":{"allow":["GET"]}}],"collection":[{"href":"https:\/\/sebastiaogomesneto.adv.br\/index.php?rest_route=\/wp\/v2\/pages"}],"about":[{"href":"https:\/\/sebastiaogomesneto.adv.br\/index.php?rest_route=\/wp\/v2\/types\/page"}],"author":[{"embeddable":true,"href":"https:\/\/sebastiaogomesneto.adv.br\/index.php?rest_route=\/wp\/v2\/users\/1"}],"replies":[{"embeddable":true,"href":"https:\/\/sebastiaogomesneto.adv.br\/index.php?rest_route=%2Fwp%2Fv2%2Fcomments&post=832"}],"version-history":[{"count":162,"href":"https:\/\/sebastiaogomesneto.adv.br\/index.php?rest_route=\/wp\/v2\/pages\/832\/revisions"}],"predecessor-version":[{"id":2494,"href":"https:\/\/sebastiaogomesneto.adv.br\/index.php?rest_route=\/wp\/v2\/pages\/832\/revisions\/2494"}],"wp:attachment":[{"href":"https:\/\/sebastiaogomesneto.adv.br\/index.php?rest_route=%2Fwp%2Fv2%2Fmedia&parent=832"}],"curies":[{"name":"wp","href":"https:\/\/api.w.org\/{rel}","templated":true}]}}